{"id":2,"date":"2025-12-29T15:31:18","date_gmt":"2025-12-29T15:31:18","guid":{"rendered":"http:\/\/mistr-isere.fr\/?page_id=2"},"modified":"2026-01-15T14:56:22","modified_gmt":"2026-01-15T14:56:22","slug":"accueil-maison-des-ingenieurs-structures","status":"publish","type":"page","link":"https:\/\/mistr-isere.fr\/","title":{"rendered":"acceuil"},"content":{"rendered":"\t\t<div data-elementor-type=\"wp-page\" data-elementor-id=\"2\" class=\"elementor elementor-2\">\n\t\t\t\t<div class=\"elementor-element elementor-element-2926de6d e-flex e-con-boxed e-con e-parent\" data-id=\"2926de6d\" data-element_type=\"container\" data-settings=\"{&quot;background_background&quot;:&quot;classic&quot;}\">\n\t\t\t\t\t<div class=\"e-con-inner\">\n\t\t\t\t<div class=\"elementor-element elementor-element-292629d elementor-widget elementor-widget-menu-anchor\" data-id=\"292629d\" data-element_type=\"widget\" data-widget_type=\"menu-anchor.default\">\n\t\t\t\t\t\t\t<div class=\"elementor-menu-anchor\" id=\"accueil\"><\/div>\n\t\t\t\t\t\t<\/div>\n\t\t\t\t<div class=\"elementor-element elementor-element-b4e896a elementor-widget elementor-widget-text-editor\" data-id=\"b4e896a\" data-element_type=\"widget\" data-widget_type=\"text-editor.default\">\n\t\t\t\t\t\t\t\t\t<p>Cr\u00e9ation de la maison des ing\u00e9nieurs structures<\/p>\t\t\t\t\t\t\t\t<\/div>\n\t\t\t\t\t<\/div>\n\t\t\t\t<\/div>\n\t\t<div class=\"elementor-element elementor-element-f63071e e-flex e-con-boxed e-con e-parent\" data-id=\"f63071e\" data-element_type=\"container\" data-settings=\"{&quot;background_background&quot;:&quot;classic&quot;}\">\n\t\t\t\t\t<div class=\"e-con-inner\">\n\t\t\t\t<div class=\"elementor-element elementor-element-83377d5 elementor-widget elementor-widget-text-editor\" data-id=\"83377d5\" data-element_type=\"widget\" data-widget_type=\"text-editor.default\">\n\t\t\t\t\t\t\t\t\t<h2>Association loi 1901 cr\u00e9\u00e9e par des ing\u00e9nieurs structures &amp; des soci\u00e9t\u00e9s d&rsquo;ing\u00e9nierie structures<\/h2>\t\t\t\t\t\t\t\t<\/div>\n\t\t\t\t\t<\/div>\n\t\t\t\t<\/div>\n\t\t<div class=\"elementor-element elementor-element-db2461a e-flex e-con-boxed e-con e-parent\" data-id=\"db2461a\" data-element_type=\"container\" data-settings=\"{&quot;background_background&quot;:&quot;classic&quot;}\">\n\t\t\t\t\t<div class=\"e-con-inner\">\n\t\t\t\t<div class=\"elementor-element elementor-element-ec3e5d4 elementor-widget elementor-widget-menu-anchor\" data-id=\"ec3e5d4\" data-element_type=\"widget\" data-widget_type=\"menu-anchor.default\">\n\t\t\t\t\t\t\t<div class=\"elementor-menu-anchor\" id=\"objectifs\"><\/div>\n\t\t\t\t\t\t<\/div>\n\t\t\t\t<div class=\"elementor-element elementor-element-30dbd1e elementor-widget elementor-widget-text-editor\" data-id=\"30dbd1e\" data-element_type=\"widget\" data-widget_type=\"text-editor.default\">\n\t\t\t\t\t\t\t\t\t<h1>Les objectifs :<\/h1>\t\t\t\t\t\t\t\t<\/div>\n\t\t\t\t<div class=\"elementor-element elementor-element-4889b92 elementor-widget elementor-widget-text-editor\" data-id=\"4889b92\" data-element_type=\"widget\" data-widget_type=\"text-editor.default\">\n\t\t\t\t\t\t\t\t\t<h3>&#8211; rencontres interprofessionnelles<\/h3>\t\t\t\t\t\t\t\t<\/div>\n\t\t\t\t<div class=\"elementor-element elementor-element-286a1c7 elementor-widget elementor-widget-text-editor\" data-id=\"286a1c7\" data-element_type=\"widget\" data-widget_type=\"text-editor.default\">\n\t\t\t\t\t\t\t\t\t<h3>&#8211; retours d&rsquo;exp\u00e9riences \u00e9tudes &amp; chantiers ou sinistres<\/h3>\t\t\t\t\t\t\t\t<\/div>\n\t\t\t\t<div class=\"elementor-element elementor-element-4ab9f34 elementor-widget elementor-widget-text-editor\" data-id=\"4ab9f34\" data-element_type=\"widget\" data-widget_type=\"text-editor.default\">\n\t\t\t\t\t\t\t\t\t<h3>&#8211; rencontres des acteurs, maitres d&rsquo;ouvrages et assurances<\/h3>\t\t\t\t\t\t\t\t<\/div>\n\t\t\t\t<div class=\"elementor-element elementor-element-ef206a6 elementor-widget elementor-widget-text-editor\" data-id=\"ef206a6\" data-element_type=\"widget\" data-widget_type=\"text-editor.default\">\n\t\t\t\t\t\t\t\t\t<h3>&#8211; mises au point d&rsquo;attitudes voire de conventions en r\u00e9ponses aux A.O. publiques &amp; devis priv\u00e9s<\/h3><div>\u00a0<\/div>\t\t\t\t\t\t\t\t<\/div>\n\t\t\t\t\t<\/div>\n\t\t\t\t<\/div>\n\t\t<div class=\"elementor-element elementor-element-e45d047 e-con-full e-flex e-con e-parent\" data-id=\"e45d047\" data-element_type=\"container\" data-settings=\"{&quot;background_background&quot;:&quot;classic&quot;}\">\n\t\t\t\t<div class=\"elementor-element elementor-element-907feb4 elementor-widget elementor-widget-menu-anchor\" data-id=\"907feb4\" data-element_type=\"widget\" data-widget_type=\"menu-anchor.default\">\n\t\t\t\t\t\t\t<div class=\"elementor-menu-anchor\" id=\"lesacteurs\"><\/div>\n\t\t\t\t\t\t<\/div>\n\t\t\t\t<div class=\"elementor-element elementor-element-4906c6e elementor-widget elementor-widget-text-editor\" data-id=\"4906c6e\" data-element_type=\"widget\" data-widget_type=\"text-editor.default\">\n\t\t\t\t\t\t\t\t\t<h1>Les acteurs de l&rsquo;association :<\/h1>\t\t\t\t\t\t\t\t<\/div>\n\t\t<div class=\"elementor-element elementor-element-da425cc e-grid e-con-full e-con e-child\" data-id=\"da425cc\" data-element_type=\"container\">\n\t\t<div class=\"elementor-element elementor-element-3a3b84a e-con-full animated-slow e-flex elementor-invisible e-con e-child\" data-id=\"3a3b84a\" data-element_type=\"container\" data-settings=\"{&quot;animation&quot;:&quot;fadeInLeft&quot;,&quot;animation_delay&quot;:150}\">\n\t\t\t\t<div class=\"elementor-element elementor-element-29d8f80 elementor-widget elementor-widget-image\" data-id=\"29d8f80\" data-element_type=\"widget\" data-widget_type=\"image.default\">\n\t\t\t\t\t\t\t\t\t\t\t\t<figure class=\"wp-caption\">\n\t\t\t\t\t\t\t\t\t\t\t<a href=\"https:\/\/www.vessiere.com\/fr\/\">\n\t\t\t\t\t\t\t<img fetchpriority=\"high\" decoding=\"async\" width=\"665\" height=\"175\" src=\"https:\/\/mistr-isere.fr\/wp-content\/uploads\/2026\/01\/LogoVessiere-site-mistr.svg\" class=\"elementor-animation-shrink attachment-large size-large wp-image-81\" alt=\"Vessiere, Bureau d&#039;\u00e9tude structure, Enveloppe\" \/>\t\t\t\t\t\t\t\t<\/a>\n\t\t\t\t\t\t\t\t\t\t\t<figcaption class=\"widget-image-caption wp-caption-text\">Vessiere &amp; Compagnie bureau d'\u00e9tudes structure, Enveloppe<\/figcaption>\n\t\t\t\t\t\t\t\t\t\t<\/figure>\n\t\t\t\t\t\t\t\t\t<\/div>\n\t\t\t\t<\/div>\n\t\t<div class=\"elementor-element elementor-element-c588673 e-con-full animated-slow e-flex elementor-invisible e-con e-child\" data-id=\"c588673\" data-element_type=\"container\" data-settings=\"{&quot;animation&quot;:&quot;fadeInRight&quot;,&quot;animation_delay&quot;:150}\">\n\t\t\t\t<div class=\"elementor-element elementor-element-8335bd0 elementor-widget elementor-widget-image\" data-id=\"8335bd0\" data-element_type=\"widget\" data-widget_type=\"image.default\">\n\t\t\t\t\t\t\t\t\t\t\t\t<figure class=\"wp-caption\">\n\t\t\t\t\t\t\t\t\t\t\t<a href=\"https:\/\/ottima.be\/\">\n\t\t\t\t\t\t\t<img decoding=\"async\" width=\"501\" height=\"228\" src=\"https:\/\/mistr-isere.fr\/wp-content\/uploads\/2026\/01\/Ottima_blanc.jpg\" class=\"elementor-animation-shrink attachment-large size-large wp-image-98\" alt=\"Ottima structure scop CABESTAN, ing\u00e9nieur structure\" srcset=\"https:\/\/mistr-isere.fr\/wp-content\/uploads\/2026\/01\/Ottima_blanc.jpg 501w, https:\/\/mistr-isere.fr\/wp-content\/uploads\/2026\/01\/Ottima_blanc-300x137.jpg 300w\" sizes=\"(max-width: 501px) 100vw, 501px\" \/>\t\t\t\t\t\t\t\t<\/a>\n\t\t\t\t\t\t\t\t\t\t\t<figcaption class=\"widget-image-caption wp-caption-text\">Ottima structure<\/figcaption>\n\t\t\t\t\t\t\t\t\t\t<\/figure>\n\t\t\t\t\t\t\t\t\t<\/div>\n\t\t\t\t<\/div>\n\t\t<div class=\"elementor-element elementor-element-69eee5c e-con-full animated-slow e-flex elementor-invisible e-con e-child\" data-id=\"69eee5c\" data-element_type=\"container\" data-settings=\"{&quot;animation&quot;:&quot;fadeInLeft&quot;,&quot;animation_delay&quot;:150}\">\n\t\t\t\t<div class=\"elementor-element elementor-element-2d61aa9 elementor-widget elementor-widget-image\" data-id=\"2d61aa9\" data-element_type=\"widget\" data-widget_type=\"image.default\">\n\t\t\t\t\t\t\t\t\t\t\t\t\t\t\t\t<a href=\"http:\/\/www.besbhage.fr\/\">\n\t\t\t\t\t\t\t<img decoding=\"async\" width=\"452\" height=\"321\" src=\"https:\/\/mistr-isere.fr\/wp-content\/uploads\/2026\/01\/logo-signature-BESB-HAGE-220224-1024x400-1-e1767707881913.jpg\" class=\"elementor-animation-shrink attachment-2048x2048 size-2048x2048 wp-image-146\" alt=\"Bureau d&#039;\u00e9tudes structure bois\" srcset=\"https:\/\/mistr-isere.fr\/wp-content\/uploads\/2026\/01\/logo-signature-BESB-HAGE-220224-1024x400-1-e1767707881913.jpg 452w, https:\/\/mistr-isere.fr\/wp-content\/uploads\/2026\/01\/logo-signature-BESB-HAGE-220224-1024x400-1-e1767707881913-300x213.jpg 300w\" sizes=\"(max-width: 452px) 100vw, 452px\" \/>\t\t\t\t\t\t\t\t<\/a>\n\t\t\t\t\t\t\t\t\t\t\t\t\t\t\t<\/div>\n\t\t\t\t<\/div>\n\t\t<div class=\"elementor-element elementor-element-5d8784d e-con-full animated-slow e-flex elementor-invisible e-con e-child\" data-id=\"5d8784d\" data-element_type=\"container\" data-settings=\"{&quot;animation&quot;:&quot;fadeInRight&quot;,&quot;animation_delay&quot;:150}\">\n\t\t\t\t<div class=\"elementor-element elementor-element-dbf7aa4 elementor-widget elementor-widget-image\" data-id=\"dbf7aa4\" data-element_type=\"widget\" data-widget_type=\"image.default\">\n\t\t\t\t\t\t\t\t\t\t\t\t\t\t\t\t<a href=\"https:\/\/cebea.fr\/\">\n\t\t\t\t\t\t\t<img loading=\"lazy\" decoding=\"async\" width=\"2048\" height=\"296\" src=\"https:\/\/mistr-isere.fr\/wp-content\/uploads\/2026\/01\/LOGO-CEBEA_SF-2048x296.jpg\" class=\"elementor-animation-shrink attachment-2048x2048 size-2048x2048 wp-image-315\" alt=\"CEBEA, bureau d&#039;\u00e9tudes structure\" srcset=\"https:\/\/mistr-isere.fr\/wp-content\/uploads\/2026\/01\/LOGO-CEBEA_SF-2048x296.jpg 2048w, https:\/\/mistr-isere.fr\/wp-content\/uploads\/2026\/01\/LOGO-CEBEA_SF-300x43.jpg 300w, https:\/\/mistr-isere.fr\/wp-content\/uploads\/2026\/01\/LOGO-CEBEA_SF-1024x148.jpg 1024w, https:\/\/mistr-isere.fr\/wp-content\/uploads\/2026\/01\/LOGO-CEBEA_SF-768x111.jpg 768w, https:\/\/mistr-isere.fr\/wp-content\/uploads\/2026\/01\/LOGO-CEBEA_SF-1536x222.jpg 1536w\" sizes=\"(max-width: 2048px) 100vw, 2048px\" \/>\t\t\t\t\t\t\t\t<\/a>\n\t\t\t\t\t\t\t\t\t\t\t\t\t\t\t<\/div>\n\t\t\t\t<\/div>\n\t\t<div class=\"elementor-element elementor-element-dc10c06 e-con-full animated-slow e-flex elementor-invisible e-con e-child\" data-id=\"dc10c06\" data-element_type=\"container\" data-settings=\"{&quot;animation&quot;:&quot;fadeInLeft&quot;,&quot;animation_delay&quot;:150}\">\n\t\t\t\t<div class=\"elementor-element elementor-element-d1f8325 elementor-widget elementor-widget-image\" data-id=\"d1f8325\" data-element_type=\"widget\" data-widget_type=\"image.default\">\n\t\t\t\t\t\t\t\t\t\t\t\t\t\t\t\t<a href=\"https:\/\/www.betrec.com\/\">\n\t\t\t\t\t\t\t<img loading=\"lazy\" decoding=\"async\" width=\"495\" height=\"186\" src=\"https:\/\/mistr-isere.fr\/wp-content\/uploads\/2026\/01\/8-e1767871422989.png\" class=\"elementor-animation-shrink attachment-2048x2048 size-2048x2048 wp-image-337\" alt=\"Betrec ing\u00e9nierie\" srcset=\"https:\/\/mistr-isere.fr\/wp-content\/uploads\/2026\/01\/8-e1767871422989.png 495w, https:\/\/mistr-isere.fr\/wp-content\/uploads\/2026\/01\/8-e1767871422989-300x113.png 300w\" sizes=\"(max-width: 495px) 100vw, 495px\" \/>\t\t\t\t\t\t\t\t<\/a>\n\t\t\t\t\t\t\t\t\t\t\t\t\t\t\t<\/div>\n\t\t\t\t<\/div>\n\t\t<div class=\"elementor-element elementor-element-a97a285 e-con-full animated-slow e-flex elementor-invisible e-con e-child\" data-id=\"a97a285\" data-element_type=\"container\" data-settings=\"{&quot;animation&quot;:&quot;fadeInLeft&quot;,&quot;animation_delay&quot;:150}\">\n\t\t\t\t<div class=\"elementor-element elementor-element-a80137f elementor-widget elementor-widget-image\" data-id=\"a80137f\" data-element_type=\"widget\" data-widget_type=\"image.default\">\n\t\t\t\t\t\t\t\t\t\t\t\t\t\t\t\t<a href=\"https:\/\/www.recif.co\/\">\n\t\t\t\t\t\t\t<img loading=\"lazy\" decoding=\"async\" width=\"599\" height=\"600\" src=\"https:\/\/mistr-isere.fr\/wp-content\/uploads\/2026\/01\/recif_logov1.svg\" class=\"elementor-animation-shrink attachment-2048x2048 size-2048x2048 wp-image-378\" alt=\"Structure l&#039;avenir recif\" \/>\t\t\t\t\t\t\t\t<\/a>\n\t\t\t\t\t\t\t\t\t\t\t\t\t\t\t<\/div>\n\t\t\t\t<\/div>\n\t\t\t\t<\/div>\n\t\t<div class=\"elementor-element elementor-element-0e4ad04 e-con-full e-flex e-con e-child\" data-id=\"0e4ad04\" data-element_type=\"container\">\n\t\t<div class=\"elementor-element elementor-element-2385d3b e-con-full e-flex e-con e-child\" data-id=\"2385d3b\" data-element_type=\"container\">\n\t\t\t\t<\/div>\n\t\t\t\t<div class=\"elementor-element elementor-element-10e7ff7 elementor-widget elementor-widget-menu-anchor\" data-id=\"10e7ff7\" data-element_type=\"widget\" data-widget_type=\"menu-anchor.default\">\n\t\t\t\t\t\t\t<div class=\"elementor-menu-anchor\" id=\"contact\"><\/div>\n\t\t\t\t\t\t<\/div>\n\t\t\t\t<div class=\"elementor-element elementor-element-ebcabe5 elementor-widget elementor-widget-text-editor\" data-id=\"ebcabe5\" data-element_type=\"widget\" data-widget_type=\"text-editor.default\">\n\t\t\t\t\t\t\t\t\t<h1>Contact :<\/h1>\t\t\t\t\t\t\t\t<\/div>\n\t\t\t\t<div class=\"elementor-element elementor-element-37ad46a elementor-widget elementor-widget-text-editor\" data-id=\"37ad46a\" data-element_type=\"widget\" data-widget_type=\"text-editor.default\">\n\t\t\t\t\t\t\t\t\t<h4><a href=\"mailto:mistr.isere@gmail.com\" target=\"_blank\" rel=\"noopener\">mistr.isere@gmail.com<\/a><\/h4><h3>76 quai Perri\u00e8re 38000 GRENOBLE<\/h3><div>\u00a0<\/div>\t\t\t\t\t\t\t\t<\/div>\n\t\t\t\t<\/div>\n\t\t\t\t<\/div>\n\t\t\t\t<\/div>\n\t\t","protected":false},"excerpt":{"rendered":"<p>Cr\u00e9ation de la maison des ing\u00e9nieurs structures Association loi 1901 cr\u00e9\u00e9e par des ing\u00e9nieurs structures &amp; des soci\u00e9t\u00e9s d&rsquo;ing\u00e9nierie structures Les objectifs : &#8211; rencontres interprofessionnelles &#8211; retours d&rsquo;exp\u00e9riences \u00e9tudes &amp; chantiers ou sinistres &#8211; rencontres des acteurs, maitres d&rsquo;ouvrages et assurances &#8211; mises au point d&rsquo;attitudes voire de conventions en r\u00e9ponses aux A.O. publiques [&hellip;]<\/p>\n","protected":false},"author":1,"featured_media":0,"parent":0,"menu_order":0,"comment_status":"closed","ping_status":"closed","template":"elementor_header_footer","meta":{"footnotes":""},"class_list":["post-2","page","type-page","status-publish","hentry"],"yoast_head":"<!-- This site is optimized with the Yoast SEO plugin v26.6 - https:\/\/yoast.com\/wordpress\/plugins\/seo\/ -->\n<title>acceuil - &quot;Mistr &quot; Maison des ing\u00e9nieurs structures<\/title>\n<meta name=\"description\" content=\"Cr\u00e9ation de la Maison des Ing\u00e9nieurs Structure &quot;Mistr&quot;. Association loi 1901 cr\u00e9\u00e9 par des ing\u00e9nieurs structures &amp; des soci\u00e9t\u00e9s d\u2019ing\u00e9nieries structures.\" \/>\n<meta name=\"robots\" content=\"index, follow, max-snippet:-1, max-image-preview:large, max-video-preview:-1\" \/>\n<link rel=\"canonical\" href=\"https:\/\/mistr-isere.fr\/\" \/>\n<meta property=\"og:locale\" content=\"fr_FR\" \/>\n<meta property=\"og:type\" content=\"article\" \/>\n<meta property=\"og:title\" content=\"acceuil - &quot;Mistr &quot; Maison des ing\u00e9nieurs structures\" \/>\n<meta property=\"og:description\" content=\"Cr\u00e9ation de la Maison des Ing\u00e9nieurs Structure &quot;Mistr&quot;. Association loi 1901 cr\u00e9\u00e9 par des ing\u00e9nieurs structures &amp; des soci\u00e9t\u00e9s d\u2019ing\u00e9nieries structures.\" \/>\n<meta property=\"og:url\" content=\"https:\/\/mistr-isere.fr\/\" \/>\n<meta property=\"og:site_name\" content=\"Mistr\" \/>\n<meta property=\"article:modified_time\" content=\"2026-01-15T14:56:22+00:00\" \/>\n<meta property=\"og:image\" content=\"http:\/\/mistr-isere.fr\/wp-content\/uploads\/2026\/01\/LogoVessiere-site-mistr.svg\" \/>\n<meta name=\"twitter:card\" content=\"summary_large_image\" \/>\n<meta name=\"twitter:label1\" content=\"Dur\u00e9e de lecture estim\u00e9e\" \/>\n\t<meta name=\"twitter:data1\" content=\"2 minutes\" \/>\n<script type=\"application\/ld+json\" class=\"yoast-schema-graph\">{\"@context\":\"https:\/\/schema.org\",\"@graph\":[{\"@type\":\"WebPage\",\"@id\":\"https:\/\/mistr-isere.fr\/\",\"url\":\"https:\/\/mistr-isere.fr\/\",\"name\":\"acceuil - \\\"Mistr \\\" Maison des ing\u00e9nieurs structures\",\"isPartOf\":{\"@id\":\"https:\/\/mistr-isere.fr\/#website\"},\"primaryImageOfPage\":{\"@id\":\"https:\/\/mistr-isere.fr\/#primaryimage\"},\"image\":{\"@id\":\"https:\/\/mistr-isere.fr\/#primaryimage\"},\"thumbnailUrl\":\"http:\/\/mistr-isere.fr\/wp-content\/uploads\/2026\/01\/LogoVessiere-site-mistr.svg\",\"datePublished\":\"2025-12-29T15:31:18+00:00\",\"dateModified\":\"2026-01-15T14:56:22+00:00\",\"description\":\"Cr\u00e9ation de la Maison des Ing\u00e9nieurs Structure \\\"Mistr\\\". Association loi 1901 cr\u00e9\u00e9 par des ing\u00e9nieurs structures & des soci\u00e9t\u00e9s d\u2019ing\u00e9nieries structures.\",\"breadcrumb\":{\"@id\":\"https:\/\/mistr-isere.fr\/#breadcrumb\"},\"inLanguage\":\"fr-FR\",\"potentialAction\":[{\"@type\":\"ReadAction\",\"target\":[\"https:\/\/mistr-isere.fr\/\"]}]},{\"@type\":\"ImageObject\",\"inLanguage\":\"fr-FR\",\"@id\":\"https:\/\/mistr-isere.fr\/#primaryimage\",\"url\":\"https:\/\/mistr-isere.fr\/wp-content\/uploads\/2026\/01\/LogoVessiere-site-mistr.svg\",\"contentUrl\":\"https:\/\/mistr-isere.fr\/wp-content\/uploads\/2026\/01\/LogoVessiere-site-mistr.svg\",\"width\":665,\"height\":175,\"caption\":\"Vessiere, Bureau d'\u00e9tude structure, Enveloppe\"},{\"@type\":\"BreadcrumbList\",\"@id\":\"https:\/\/mistr-isere.fr\/#breadcrumb\",\"itemListElement\":[{\"@type\":\"ListItem\",\"position\":1,\"name\":\"Accueil\",\"item\":\"https:\/\/mistr-isere.fr\/\"},{\"@type\":\"ListItem\",\"position\":2,\"name\":\"acceuil\"}]},{\"@type\":\"WebSite\",\"@id\":\"https:\/\/mistr-isere.fr\/#website\",\"url\":\"https:\/\/mistr-isere.fr\/\",\"name\":\"Mistr\",\"description\":\"Maison des Ing\u00e9nieurs Structures\",\"publisher\":{\"@id\":\"https:\/\/mistr-isere.fr\/#organization\"},\"potentialAction\":[{\"@type\":\"SearchAction\",\"target\":{\"@type\":\"EntryPoint\",\"urlTemplate\":\"https:\/\/mistr-isere.fr\/?s={search_term_string}\"},\"query-input\":{\"@type\":\"PropertyValueSpecification\",\"valueRequired\":true,\"valueName\":\"search_term_string\"}}],\"inLanguage\":\"fr-FR\"},{\"@type\":\"Organization\",\"@id\":\"https:\/\/mistr-isere.fr\/#organization\",\"name\":\"Maison des Ing\u00e9nieurs structures\",\"url\":\"https:\/\/mistr-isere.fr\/\",\"logo\":{\"@type\":\"ImageObject\",\"inLanguage\":\"fr-FR\",\"@id\":\"https:\/\/mistr-isere.fr\/#\/schema\/logo\/image\/\",\"url\":\"https:\/\/mistr-isere.fr\/wp-content\/uploads\/2026\/01\/cropped-Logo_MISTR-site.jpg\",\"contentUrl\":\"https:\/\/mistr-isere.fr\/wp-content\/uploads\/2026\/01\/cropped-Logo_MISTR-site.jpg\",\"width\":512,\"height\":512,\"caption\":\"Maison des Ing\u00e9nieurs structures\"},\"image\":{\"@id\":\"https:\/\/mistr-isere.fr\/#\/schema\/logo\/image\/\"}}]}<\/script>\n<!-- \/ Yoast SEO plugin. -->","yoast_head_json":{"title":"acceuil - \"Mistr \" Maison des ing\u00e9nieurs structures","description":"Cr\u00e9ation de la Maison des Ing\u00e9nieurs Structure \"Mistr\". Association loi 1901 cr\u00e9\u00e9 par des ing\u00e9nieurs structures & des soci\u00e9t\u00e9s d\u2019ing\u00e9nieries structures.","robots":{"index":"index","follow":"follow","max-snippet":"max-snippet:-1","max-image-preview":"max-image-preview:large","max-video-preview":"max-video-preview:-1"},"canonical":"https:\/\/mistr-isere.fr\/","og_locale":"fr_FR","og_type":"article","og_title":"acceuil - \"Mistr \" Maison des ing\u00e9nieurs structures","og_description":"Cr\u00e9ation de la Maison des Ing\u00e9nieurs Structure \"Mistr\". Association loi 1901 cr\u00e9\u00e9 par des ing\u00e9nieurs structures & des soci\u00e9t\u00e9s d\u2019ing\u00e9nieries structures.","og_url":"https:\/\/mistr-isere.fr\/","og_site_name":"Mistr","article_modified_time":"2026-01-15T14:56:22+00:00","og_image":[{"url":"http:\/\/mistr-isere.fr\/wp-content\/uploads\/2026\/01\/LogoVessiere-site-mistr.svg","type":"","width":"","height":""}],"twitter_card":"summary_large_image","twitter_misc":{"Dur\u00e9e de lecture estim\u00e9e":"2 minutes"},"schema":{"@context":"https:\/\/schema.org","@graph":[{"@type":"WebPage","@id":"https:\/\/mistr-isere.fr\/","url":"https:\/\/mistr-isere.fr\/","name":"acceuil - \"Mistr \" Maison des ing\u00e9nieurs structures","isPartOf":{"@id":"https:\/\/mistr-isere.fr\/#website"},"primaryImageOfPage":{"@id":"https:\/\/mistr-isere.fr\/#primaryimage"},"image":{"@id":"https:\/\/mistr-isere.fr\/#primaryimage"},"thumbnailUrl":"http:\/\/mistr-isere.fr\/wp-content\/uploads\/2026\/01\/LogoVessiere-site-mistr.svg","datePublished":"2025-12-29T15:31:18+00:00","dateModified":"2026-01-15T14:56:22+00:00","description":"Cr\u00e9ation de la Maison des Ing\u00e9nieurs Structure \"Mistr\". Association loi 1901 cr\u00e9\u00e9 par des ing\u00e9nieurs structures & des soci\u00e9t\u00e9s d\u2019ing\u00e9nieries structures.","breadcrumb":{"@id":"https:\/\/mistr-isere.fr\/#breadcrumb"},"inLanguage":"fr-FR","potentialAction":[{"@type":"ReadAction","target":["https:\/\/mistr-isere.fr\/"]}]},{"@type":"ImageObject","inLanguage":"fr-FR","@id":"https:\/\/mistr-isere.fr\/#primaryimage","url":"https:\/\/mistr-isere.fr\/wp-content\/uploads\/2026\/01\/LogoVessiere-site-mistr.svg","contentUrl":"https:\/\/mistr-isere.fr\/wp-content\/uploads\/2026\/01\/LogoVessiere-site-mistr.svg","width":665,"height":175,"caption":"Vessiere, Bureau d'\u00e9tude structure, Enveloppe"},{"@type":"BreadcrumbList","@id":"https:\/\/mistr-isere.fr\/#breadcrumb","itemListElement":[{"@type":"ListItem","position":1,"name":"Accueil","item":"https:\/\/mistr-isere.fr\/"},{"@type":"ListItem","position":2,"name":"acceuil"}]},{"@type":"WebSite","@id":"https:\/\/mistr-isere.fr\/#website","url":"https:\/\/mistr-isere.fr\/","name":"Mistr","description":"Maison des Ing\u00e9nieurs Structures","publisher":{"@id":"https:\/\/mistr-isere.fr\/#organization"},"potentialAction":[{"@type":"SearchAction","target":{"@type":"EntryPoint","urlTemplate":"https:\/\/mistr-isere.fr\/?s={search_term_string}"},"query-input":{"@type":"PropertyValueSpecification","valueRequired":true,"valueName":"search_term_string"}}],"inLanguage":"fr-FR"},{"@type":"Organization","@id":"https:\/\/mistr-isere.fr\/#organization","name":"Maison des Ing\u00e9nieurs structures","url":"https:\/\/mistr-isere.fr\/","logo":{"@type":"ImageObject","inLanguage":"fr-FR","@id":"https:\/\/mistr-isere.fr\/#\/schema\/logo\/image\/","url":"https:\/\/mistr-isere.fr\/wp-content\/uploads\/2026\/01\/cropped-Logo_MISTR-site.jpg","contentUrl":"https:\/\/mistr-isere.fr\/wp-content\/uploads\/2026\/01\/cropped-Logo_MISTR-site.jpg","width":512,"height":512,"caption":"Maison des Ing\u00e9nieurs structures"},"image":{"@id":"https:\/\/mistr-isere.fr\/#\/schema\/logo\/image\/"}}]}},"_links":{"self":[{"href":"https:\/\/mistr-isere.fr\/index.php\/wp-json\/wp\/v2\/pages\/2","targetHints":{"allow":["GET"]}}],"collection":[{"href":"https:\/\/mistr-isere.fr\/index.php\/wp-json\/wp\/v2\/pages"}],"about":[{"href":"https:\/\/mistr-isere.fr\/index.php\/wp-json\/wp\/v2\/types\/page"}],"author":[{"embeddable":true,"href":"https:\/\/mistr-isere.fr\/index.php\/wp-json\/wp\/v2\/users\/1"}],"replies":[{"embeddable":true,"href":"https:\/\/mistr-isere.fr\/index.php\/wp-json\/wp\/v2\/comments?post=2"}],"version-history":[{"count":231,"href":"https:\/\/mistr-isere.fr\/index.php\/wp-json\/wp\/v2\/pages\/2\/revisions"}],"predecessor-version":[{"id":392,"href":"https:\/\/mistr-isere.fr\/index.php\/wp-json\/wp\/v2\/pages\/2\/revisions\/392"}],"wp:attachment":[{"href":"https:\/\/mistr-isere.fr\/index.php\/wp-json\/wp\/v2\/media?parent=2"}],"curies":[{"name":"wp","href":"https:\/\/api.w.org\/{rel}","templated":true}]}}